{"id":782,"date":"2022-09-16T08:40:50","date_gmt":"2022-09-16T08:40:50","guid":{"rendered":"https:\/\/neuronthemes.com\/ellada\/?page_id=782"},"modified":"2025-05-14T07:54:36","modified_gmt":"2025-05-14T07:54:36","slug":"despre-noi","status":"publish","type":"page","link":"https:\/\/otille.md\/index.php\/despre-noi\/","title":{"rendered":"Despre noi"},"content":{"rendered":"\t\t<div data-elementor-type=\"wp-page\" data-elementor-id=\"782\" class=\"elementor elementor-782\" data-elementor-post-type=\"page\">\n\t\t\t\t<div class=\"elementor-element elementor-element-14cc304 e-flex e-con-boxed e-con e-parent\" data-id=\"14cc304\" data-element_type=\"container\">\n\t\t\t\t\t<div class=\"e-con-inner\">\n\t\t<div class=\"elementor-element elementor-element-632b9d0 e-con-full e-flex e-con e-child\" data-id=\"632b9d0\" data-element_type=\"container\">\n\t\t\t\t<div class=\"elementor-element elementor-element-5f63d45 elementor-widget elementor-widget-heading\" data-id=\"5f63d45\" data-element_type=\"widget\" data-widget_type=\"heading.default\">\n\t\t\t\t<div class=\"elementor-widget-container\">\n\t\t\t\t\t<h3 class=\"elementor-heading-title elementor-size-default\">Mai mult dec\u00e2t o rochie de mireas\u0103. O experien\u021b\u0103 continu\u0103 de la primul pas f\u0103cut \u00een salon, p\u00e2n\u0103 la detaliile ce vor contura evenimentul.<\/h3>\t\t\t\t<\/div>\n\t\t\t\t<\/div>\n\t\t\t\t<div class=\"elementor-element elementor-element-1dd8bc0 elementor-widget elementor-widget-image\" data-id=\"1dd8bc0\" data-element_type=\"widget\" data-widget_type=\"image.default\">\n\t\t\t\t<div class=\"elementor-widget-container\">\n\t\t\t\t\t\t\t\t\t\t\t\t\t\t\t<img fetchpriority=\"high\" decoding=\"async\" width=\"2560\" height=\"1707\" src=\"https:\/\/otille.md\/wp-content\/uploads\/2024\/07\/mockup-1-scaled.jpg\" class=\"attachment-full size-full wp-image-8968\" alt=\"\" srcset=\"https:\/\/otille.md\/wp-content\/uploads\/2024\/07\/mockup-1-scaled.jpg 2560w, https:\/\/otille.md\/wp-content\/uploads\/2024\/07\/mockup-1-300x200.jpg 300w, https:\/\/otille.md\/wp-content\/uploads\/2024\/07\/mockup-1-1024x683.jpg 1024w, https:\/\/otille.md\/wp-content\/uploads\/2024\/07\/mockup-1-768x512.jpg 768w, https:\/\/otille.md\/wp-content\/uploads\/2024\/07\/mockup-1-1536x1024.jpg 1536w, https:\/\/otille.md\/wp-content\/uploads\/2024\/07\/mockup-1-2048x1365.jpg 2048w, https:\/\/otille.md\/wp-content\/uploads\/2024\/07\/mockup-1-600x400.jpg 600w\" sizes=\"(max-width: 2560px) 100vw, 2560px\" \/>\t\t\t\t\t\t\t\t\t\t\t\t\t\t\t<\/div>\n\t\t\t\t<\/div>\n\t\t<div class=\"elementor-element elementor-element-89e6976 e-con-full e-flex e-con e-child\" data-id=\"89e6976\" data-element_type=\"container\">\n\t\t<div class=\"elementor-element elementor-element-a5ac2ee e-con-full e-flex e-con e-child\" data-id=\"a5ac2ee\" data-element_type=\"container\">\n\t\t\t\t<div class=\"elementor-element elementor-element-79c00ca elementor-widget elementor-widget-heading\" data-id=\"79c00ca\" data-element_type=\"widget\" data-widget_type=\"heading.default\">\n\t\t\t\t<div class=\"elementor-widget-container\">\n\t\t\t\t\t<p class=\"elementor-heading-title elementor-size-default\">La Otille, oferim mai mult dec\u00e2t rochii de mireas\u0103 \u2013 oferim o experien\u021b\u0103 continu\u0103 \u0219i memorabil\u0103. De la primul pas f\u0103cut \u00een cadrul salonului nostru, p\u00e2n\u0103 la detaliile finale care contureaz\u0103 evenimentul, ne dorim ca fiecare moment s\u0103 fie unul plin de armonie, reg\u0103sire \u0219i creare.<\/p>\t\t\t\t<\/div>\n\t\t\t\t<\/div>\n\t\t\t\t<div class=\"elementor-element elementor-element-4d1cb12 elementor-widget elementor-widget-heading\" data-id=\"4d1cb12\" data-element_type=\"widget\" data-widget_type=\"heading.default\">\n\t\t\t\t<div class=\"elementor-widget-container\">\n\t\t\t\t\t<p class=\"elementor-heading-title elementor-size-default\">Fiecare rochie din colec\u021bia noastr\u0103 este selectat\u0103 cu grij\u0103 pentru a reflecta unicitatea fiec\u0103rei mirese. Cu linii clasice \u0219i elegante, piesele noastre sunt create pentru a captura esen\u021ba frumuse\u021bii \u0219i feminit\u0103\u021bii. Suntem m\u00e2ndri s\u0103 fim unicul distribuitor oficial al brandului exclusiv de rochii Maria Anette din Moldova.<\/p>\t\t\t\t<\/div>\n\t\t\t\t<\/div>\n\t\t\t\t<\/div>\n\t\t<div class=\"elementor-element elementor-element-7664928 e-con-full e-flex e-con e-child\" data-id=\"7664928\" data-element_type=\"container\">\n\t\t\t\t<div class=\"elementor-element elementor-element-c9e265e elementor-widget elementor-widget-heading\" data-id=\"c9e265e\" data-element_type=\"widget\" data-widget_type=\"heading.default\">\n\t\t\t\t<div class=\"elementor-widget-container\">\n\t\t\t\t\t<p class=\"elementor-heading-title elementor-size-default\">Ce ne define\u0219te?<br>\n\u2022 Elegan\u021ba Modelelor. Rochiile noastre \u00eembin\u0103 designul clasic cu elemente contemporane, oferind o siluet\u0103 perfect\u0103 pentru fiecare mireas\u0103.<br>\n\u2022 Stofe Exclusive. Fiecare rochie este realizat\u0103 din cele mai fine \u021bes\u0103turi, inclusiv m\u0103tase, dantel\u0103 delicat\u0103 \u0219i broderii minu\u021bioase.<br>\n\u2022 Personalizarea \u021ainutelor. Oferim posibilitatea de a personaliza fiecare detaliu, de la croial\u0103 \u0219i culoare p\u00e2n\u0103 la ornamente \u0219i accesorii, pentru a reflecta perfect stilul t\u0103u unic.<\/p>\t\t\t\t<\/div>\n\t\t\t\t<\/div>\n\t\t\t\t<div class=\"elementor-element elementor-element-cd39eee elementor-widget elementor-widget-heading\" data-id=\"cd39eee\" data-element_type=\"widget\" data-widget_type=\"heading.default\">\n\t\t\t\t<div class=\"elementor-widget-container\">\n\t\t\t\t\t<p class=\"elementor-heading-title elementor-size-default\">Odat\u0103 p\u0103\u0219ind \u00een atelierul nostru, via\u021ba nu mai este la fel. La Otille, se las\u0103 a\u0219teptate magia \u0219i rafinamentul unei experien\u021be de neuitat.<\/p>\t\t\t\t<\/div>\n\t\t\t\t<\/div>\n\t\t\t\t<\/div>\n\t\t\t\t<\/div>\n\t\t\t\t<\/div>\n\t\t\t\t\t<\/div>\n\t\t\t\t<\/div>\n\t\t<div class=\"elementor-element elementor-element-c295ed5 e-flex e-con-boxed e-con e-parent\" data-id=\"c295ed5\" data-element_type=\"container\">\n\t\t\t\t\t<div class=\"e-con-inner\">\n\t\t<div class=\"elementor-element elementor-element-d0c0ca9 e-con-full e-flex e-con e-child\" data-id=\"d0c0ca9\" data-element_type=\"container\">\n\t\t\t\t<div class=\"elementor-element elementor-element-8a5f812 elementor-widget elementor-widget-heading\" data-id=\"8a5f812\" data-element_type=\"widget\" data-widget_type=\"heading.default\">\n\t\t\t\t<div class=\"elementor-widget-container\">\n\t\t\t\t\t<h2 class=\"elementor-heading-title elementor-size-default\">Programeaz\u0103-te pentru o vizit\u0103<\/h2>\t\t\t\t<\/div>\n\t\t\t\t<\/div>\n\t\t\t\t<div class=\"elementor-element elementor-element-65e5947 slideUpElement elementor-widget elementor-widget-heading\" data-id=\"65e5947\" data-element_type=\"widget\" data-widget_type=\"heading.default\">\n\t\t\t\t<div class=\"elementor-widget-container\">\n\t\t\t\t\t<p class=\"elementor-heading-title elementor-size-default\">Beneficiaz\u0103 de o experien\u021b\u0103 unic\u0103, unde vei avea parte de o abordare personalizat\u0103 \u00een alegerea rochiei create pentru tine!<\/p>\t\t\t\t<\/div>\n\t\t\t\t<\/div>\n\t\t\t\t<div class=\"elementor-element elementor-element-03fe893 elementor-mobile-button-align-center slideUpElement elementor-widget elementor-widget-form\" data-id=\"03fe893\" data-element_type=\"widget\" data-settings=\"{&quot;step_next_label&quot;:&quot;Next&quot;,&quot;step_previous_label&quot;:&quot;Previous&quot;,&quot;step_type&quot;:&quot;none&quot;,&quot;step_icon_shape&quot;:&quot;circle&quot;}\" data-widget_type=\"form.default\">\n\t\t\t\t<div class=\"elementor-widget-container\">\n\t\t\t\t\t\t\t<form class=\"elementor-form\" method=\"post\" name=\"Registration Form\" novalidate=\"\">\n\t\t\t<input type=\"hidden\" name=\"post_id\" value=\"782\"\/>\n\t\t\t<input type=\"hidden\" name=\"form_id\" value=\"03fe893\"\/>\n\t\t\t<input type=\"hidden\" name=\"referer_title\" value=\"\" \/>\n\n\t\t\t\n\t\t\t<div class=\"elementor-form-fields-wrapper elementor-labels-above\">\n\t\t\t\t\t\t\t\t<div class=\"elementor-field-type-text elementor-field-group elementor-column elementor-field-group-name elementor-col-50 elementor-field-required elementor-mark-required\">\n\t\t\t\t\t\t\t\t\t\t\t\t<label for=\"form-field-name\" class=\"elementor-field-label\">\n\t\t\t\t\t\t\t\tNume\t\t\t\t\t\t\t<\/label>\n\t\t\t\t\t\t\t\t\t\t\t\t\t\t<input size=\"1\" type=\"text\" name=\"form_fields[name]\" id=\"form-field-name\" class=\"elementor-field elementor-size-sm  elementor-field-textual\" placeholder=\"Nume\" required=\"required\">\n\t\t\t\t\t\t\t\t\t\t\t<\/div>\n\t\t\t\t\t\t\t\t<div class=\"elementor-field-type-tel elementor-field-group elementor-column elementor-field-group-numar elementor-col-50 elementor-field-required elementor-mark-required\">\n\t\t\t\t\t\t\t\t\t\t\t\t<label for=\"form-field-numar\" class=\"elementor-field-label\">\n\t\t\t\t\t\t\t\tNum\u0103r de contact\t\t\t\t\t\t\t<\/label>\n\t\t\t\t\t\t\t\t<input size=\"1\" type=\"tel\" name=\"form_fields[numar]\" id=\"form-field-numar\" class=\"elementor-field elementor-size-sm  elementor-field-textual\" placeholder=\"Num\u0103r de contact\" required=\"required\" pattern=\"[0-9()#&amp;+*-=.]+\" title=\"Only numbers and phone characters (#, -, *, etc) are accepted.\">\n\n\t\t\t\t\t\t<\/div>\n\t\t\t\t\t\t\t\t<div class=\"elementor-field-type-email elementor-field-group elementor-column elementor-field-group-email elementor-col-100 elementor-field-required elementor-mark-required\">\n\t\t\t\t\t\t\t\t\t\t\t\t<label for=\"form-field-email\" class=\"elementor-field-label\">\n\t\t\t\t\t\t\t\tEmail\t\t\t\t\t\t\t<\/label>\n\t\t\t\t\t\t\t\t\t\t\t\t\t\t<input size=\"1\" type=\"email\" name=\"form_fields[email]\" id=\"form-field-email\" class=\"elementor-field elementor-size-sm  elementor-field-textual\" placeholder=\"Email\" required=\"required\">\n\t\t\t\t\t\t\t\t\t\t\t<\/div>\n\t\t\t\t\t\t\t\t<div class=\"elementor-field-group elementor-column elementor-field-type-submit elementor-col-100 e-form__buttons\">\n\t\t\t\t\t<button class=\"elementor-button elementor-size-sm\" type=\"submit\" id=\"submitButton\">\n\t\t\t\t\t\t<span class=\"elementor-button-content-wrapper\">\n\t\t\t\t\t\t\t\t\t\t\t\t\t\t\t\t\t\t\t\t\t\t<span class=\"elementor-button-text\">Programeaz\u0103-te<\/span>\n\t\t\t\t\t\t\t\t\t\t\t\t\t<\/span>\n\t\t\t\t\t<\/button>\n\t\t\t\t<\/div>\n\t\t\t<\/div>\n\t\t<\/form>\n\t\t\t\t\t\t<\/div>\n\t\t\t\t<\/div>\n\t\t\t\t<\/div>\n\t\t\t\t\t<\/div>\n\t\t\t\t<\/div>\n\t\t\t\t<\/div>\n\t\t","protected":false},"excerpt":{"rendered":"<p>Mai mult dec\u00e2t o rochie de mireas\u0103. O experien\u021b\u0103 continu\u0103 de la primul pas f\u0103cut \u00een salon, p\u00e2n\u0103 la detaliile ce vor contura evenimentul. La Otille, oferim mai mult dec\u00e2t rochii de mireas\u0103 \u2013 oferim o experien\u021b\u0103 continu\u0103 \u0219i memorabil\u0103. De la primul pas f\u0103cut \u00een cadrul salonului nostru, p\u00e2n\u0103 la detaliile finale care contureaz\u0103&#8230;<\/p>\n","protected":false},"author":1,"featured_media":0,"parent":0,"menu_order":0,"comment_status":"closed","ping_status":"closed","template":"","meta":{"footnotes":""},"class_list":["post-782","page","type-page","status-publish","hentry"],"aioseo_notices":[],"_links":{"self":[{"href":"https:\/\/otille.md\/index.php\/wp-json\/wp\/v2\/pages\/782","targetHints":{"allow":["GET"]}}],"collection":[{"href":"https:\/\/otille.md\/index.php\/wp-json\/wp\/v2\/pages"}],"about":[{"href":"https:\/\/otille.md\/index.php\/wp-json\/wp\/v2\/types\/page"}],"author":[{"embeddable":true,"href":"https:\/\/otille.md\/index.php\/wp-json\/wp\/v2\/users\/1"}],"replies":[{"embeddable":true,"href":"https:\/\/otille.md\/index.php\/wp-json\/wp\/v2\/comments?post=782"}],"version-history":[{"count":122,"href":"https:\/\/otille.md\/index.php\/wp-json\/wp\/v2\/pages\/782\/revisions"}],"predecessor-version":[{"id":12110,"href":"https:\/\/otille.md\/index.php\/wp-json\/wp\/v2\/pages\/782\/revisions\/12110"}],"wp:attachment":[{"href":"https:\/\/otille.md\/index.php\/wp-json\/wp\/v2\/media?parent=782"}],"curies":[{"name":"wp","href":"https:\/\/api.w.org\/{rel}","templated":true}]}}